{"id":39,"date":"2013-06-13T12:11:41","date_gmt":"2013-06-03T10:46:43","guid":{"rendered":"http:\/\/www.sisoretne.sk\/?page_id=39"},"modified":"2021-10-07T14:08:28","modified_gmt":"2021-10-07T12:08:28","slug":"vitajte","status":"publish","type":"page","link":"https:\/\/www.sisoretne.sk\/","title":{"rendered":"Vitajte!"},"content":{"rendered":"<div><a href=\"https:\/\/www.sisoretne.sk\/wp-content\/uploads\/2021\/10\/3-scaled.jpg\"><img loading=\"lazy\" class=\"aligncenter size-full wp-image-427\" src=\"https:\/\/www.sisoretne.sk\/wp-content\/uploads\/2021\/10\/3-scaled.jpg\" alt=\"\" width=\"2560\" height=\"1136\" srcset=\"https:\/\/www.sisoretne.sk\/wp-content\/uploads\/2021\/10\/3-scaled.jpg 2560w, https:\/\/www.sisoretne.sk\/wp-content\/uploads\/2021\/10\/3-300x133.jpg 300w, https:\/\/www.sisoretne.sk\/wp-content\/uploads\/2021\/10\/3-1024x455.jpg 1024w, https:\/\/www.sisoretne.sk\/wp-content\/uploads\/2021\/10\/3-768x341.jpg 768w, https:\/\/www.sisoretne.sk\/wp-content\/uploads\/2021\/10\/3-1536x682.jpg 1536w, https:\/\/www.sisoretne.sk\/wp-content\/uploads\/2021\/10\/3-2048x909.jpg 2048w, https:\/\/www.sisoretne.sk\/wp-content\/uploads\/2021\/10\/3-135x60.jpg 135w\" sizes=\"(max-width: 2560px) 100vw, 2560px\" \/><\/a><\/div>\n<p>&nbsp;<\/p>\n<p style=\"text-align: center;\">N\u00e1dherne, \u0161t\u00fdlovo zariaden\u00e1 roz\u013eahl\u00e1 chata &#8211; b\u00fdvala hor\u00e1re\u0148 gr\u00f3fa P\u00e1lfyho nach\u00e1dzaj\u00faca sa nad obcou Doln\u00e9 Ore\u0161any pri Trnave, pon\u00faka n\u00e1v\u0161tevn\u00edkom ni\u010d\u00edm neru\u0161en\u00fd pobyt uprostred lesa a z\u00e1rove\u0148 bl\u00edzko Trnavy a Bratislavy. Chata sa nach\u00e1dza v tichom prostred\u00ed na v\u00fdchodnom \u00fap\u00e4t\u00ed Mal\u00fdch Karp\u00e1t v rozsiahlom 1,5 hekt\u00e1rovom oplotenom are\u00e1li s b\u00fdvalou hospod\u00e1rskou budovou prerobenou na wellness s ubytovan\u00edm. Pri chate je terasa (70 m2), s\u00fa\u010das\u0165ou are\u00e1lu je ve\u013ek\u00e9 ohnisko so seden\u00edm pre 30-40 \u013eud\u00ed, ovocn\u00fd sad a univerz\u00e1lne ihrisko s br\u00e1nkami a volejbalovou\/nohejbalovou sie\u0165ou. Aktu\u00e1lne pon\u00fakame ubytovanie v 2 chat\u00e1ch, v jednej pre pribli\u017ene 20 a v druhej pre 12 os\u00f4b. Ide\u00e1lne pre rodiny s de\u0165mi, pre ps\u00ed\u010dkarov z d\u00f4vodu oploten\u00e9ho are\u00e1lu alebo \u0161koly v pr\u00edrody, teambuidingov\u00e9 akcie \u010di mal\u00e9 svadby. K dispoz\u00edci\u00ed je spolo\u010densk\u00e1 miestnos\u0165 11&#215;6 m s krbom a komplet zariaden\u00e1 kuchy\u0148a s um\u00fdva\u010dkou riadu. V druhej chate sa nach\u00e1dza biliardov\u00fd st\u00f4l s wellnessom a posil\u0148ov\u0148ou.<\/p>\n<div style=\"text-align: center;\">\n<p>Od\u013eahlos\u0165 are\u00e1lu zabezpe\u010duje aj n\u00e1ro\u010dnej\u0161ia cesta ide\u00e1lna pre crossovery. Pri ve\u013emi vlhkom po\u010das\u00ed je nutnos\u0165 pou\u017eitia auta 4&#215;4, popr\u00edpade vieme poskytn\u00fa\u0165 vyvezenie aj s vecami na\u0161im autom z Doln\u00fdch Ore\u0161ian.<\/p>\n<\/div>\n<p style=\"text-align: center;\">Hor\u00e1re\u0148 \u0160i\u0161oretn\u00e9 n\u00e1jdete aj u n\u00e1\u0161ho partnera<span style=\"color: #915b40;\">\u00a0<a href=\"https:\/\/www.megaubytovanie.sk\/chaty-horaren-sisoretne\">megaubytovanie <\/a> <\/span>.<\/p>\n<p style=\"text-align: center;\">V pr\u00edpade z\u00e1ujmu n\u00e1s nev\u00e1hajte <span style=\"color: #915b40;\"><a style=\"color: #915b40;\" href=\"https:\/\/www.sisoretne.sk\/?page_id=13\">kontaktova\u0165!<\/a><\/span><\/p>\n<p style=\"text-align: center;\">\n<p style=\"text-align: center;\">\n","protected":false},"excerpt":{"rendered":"<p>&nbsp; N\u00e1dherne, \u0161t\u00fdlovo zariaden\u00e1 roz\u013eahl\u00e1 chata &#8211; b\u00fdvala hor\u00e1re\u0148 gr\u00f3fa P\u00e1lfyho nach\u00e1dzaj\u00faca sa nad obcou Doln\u00e9 Ore\u0161any pri Trnave, pon\u00faka n\u00e1v\u0161tevn\u00edkom ni\u010d\u00edm neru\u0161en\u00fd pobyt uprostred lesa a z\u00e1rove\u0148 bl\u00edzko Trnavy a Bratislavy. Chata sa nach\u00e1dza v tichom prostred\u00ed na v\u00fdchodnom \u00fap\u00e4t\u00ed Mal\u00fdch Karp\u00e1t v rozsiahlom 1,5 hekt\u00e1rovom oplotenom are\u00e1li s b\u00fdvalou hospod\u00e1rskou budovou prerobenou na &hellip; <\/p>\n","protected":false},"author":1,"featured_media":0,"parent":0,"menu_order":0,"comment_status":"closed","ping_status":"closed","template":"","meta":[],"_links":{"self":[{"href":"https:\/\/www.sisoretne.sk\/index.php?rest_route=\/wp\/v2\/pages\/39"}],"collection":[{"href":"https:\/\/www.sisoretne.sk\/index.php?rest_route=\/wp\/v2\/pages"}],"about":[{"href":"https:\/\/www.sisoretne.sk\/index.php?rest_route=\/wp\/v2\/types\/page"}],"author":[{"embeddable":true,"href":"https:\/\/www.sisoretne.sk\/index.php?rest_route=\/wp\/v2\/users\/1"}],"replies":[{"embeddable":true,"href":"https:\/\/www.sisoretne.sk\/index.php?rest_route=%2Fwp%2Fv2%2Fcomments&post=39"}],"version-history":[{"count":46,"href":"https:\/\/www.sisoretne.sk\/index.php?rest_route=\/wp\/v2\/pages\/39\/revisions"}],"predecessor-version":[{"id":441,"href":"https:\/\/www.sisoretne.sk\/index.php?rest_route=\/wp\/v2\/pages\/39\/revisions\/441"}],"wp:attachment":[{"href":"https:\/\/www.sisoretne.sk\/index.php?rest_route=%2Fwp%2Fv2%2Fmedia&parent=39"}],"curies":[{"name":"wp","href":"https:\/\/api.w.org\/{rel}","templated":true}]}}