{"id":13,"date":"2013-06-13T11:58:15","date_gmt":"2013-06-03T09:25:22","guid":{"rendered":"http:\/\/www.sisoretne.sk\/?page_id=13"},"modified":"2021-10-07T13:10:08","modified_gmt":"2021-10-07T11:10:08","slug":"kontakt","status":"publish","type":"page","link":"https:\/\/www.sisoretne.sk\/?page_id=13","title":{"rendered":"Kontakt"},"content":{"rendered":"<p style=\"text-align: center;\">V pr\u00edpade ak\u00fdchko\u013evek ot\u00e1zok n\u00e1s nev\u00e1hajte kontaktova\u0165!<\/p>\n<p><a href=\"https:\/\/www.sisoretne.sk\/wp-content\/uploads\/2021\/10\/IMG_8663.jpg\"><img loading=\"lazy\" class=\"aligncenter  wp-image-416\" src=\"https:\/\/www.sisoretne.sk\/wp-content\/uploads\/2021\/10\/IMG_8663.jpg\" alt=\"\" width=\"738\" height=\"492\" srcset=\"https:\/\/www.sisoretne.sk\/wp-content\/uploads\/2021\/10\/IMG_8663.jpg 2048w, https:\/\/www.sisoretne.sk\/wp-content\/uploads\/2021\/10\/IMG_8663-300x200.jpg 300w, https:\/\/www.sisoretne.sk\/wp-content\/uploads\/2021\/10\/IMG_8663-1024x683.jpg 1024w, https:\/\/www.sisoretne.sk\/wp-content\/uploads\/2021\/10\/IMG_8663-768x512.jpg 768w, https:\/\/www.sisoretne.sk\/wp-content\/uploads\/2021\/10\/IMG_8663-1536x1024.jpg 1536w, https:\/\/www.sisoretne.sk\/wp-content\/uploads\/2021\/10\/IMG_8663-90x60.jpg 90w\" sizes=\"(max-width: 738px) 100vw, 738px\" \/><\/a><\/p>\n<p><span style=\"color: #eb7f7f;\"><strong>Hor\u00e1re\u0148 a wellness \u0160i\u0161oretn\u00e9<\/strong><\/span><\/p>\n<p>Doln\u00e9 Ore\u0161any<\/p>\n<ul>\n<li>0905 613 211<\/li>\n<li>0905 488 690<\/li>\n<li>0905 877 448<\/li>\n<\/ul>\n<hr \/>\n<p>sisoretne@gmail.com<\/p>\n<hr \/>\n<p>www.facebook.com\/sisoretne<\/p>\n<hr \/>\n<p>www.megaubytovanie.sk\/chaty-horaren-sisoretne<\/p>\n<hr \/>\n<p>&nbsp;<\/p>\n","protected":false},"excerpt":{"rendered":"<p>V pr\u00edpade ak\u00fdchko\u013evek ot\u00e1zok n\u00e1s nev\u00e1hajte kontaktova\u0165! Hor\u00e1re\u0148 a wellness \u0160i\u0161oretn\u00e9 Doln\u00e9 Ore\u0161any 0905 613 211 0905 488 690 0905 877 448 sisoretne@gmail.com www.facebook.com\/sisoretne www.megaubytovanie.sk\/chaty-horaren-sisoretne &nbsp;<\/p>\n","protected":false},"author":1,"featured_media":0,"parent":0,"menu_order":0,"comment_status":"closed","ping_status":"closed","template":"","meta":[],"_links":{"self":[{"href":"https:\/\/www.sisoretne.sk\/index.php?rest_route=\/wp\/v2\/pages\/13"}],"collection":[{"href":"https:\/\/www.sisoretne.sk\/index.php?rest_route=\/wp\/v2\/pages"}],"about":[{"href":"https:\/\/www.sisoretne.sk\/index.php?rest_route=\/wp\/v2\/types\/page"}],"author":[{"embeddable":true,"href":"https:\/\/www.sisoretne.sk\/index.php?rest_route=\/wp\/v2\/users\/1"}],"replies":[{"embeddable":true,"href":"https:\/\/www.sisoretne.sk\/index.php?rest_route=%2Fwp%2Fv2%2Fcomments&post=13"}],"version-history":[{"count":15,"href":"https:\/\/www.sisoretne.sk\/index.php?rest_route=\/wp\/v2\/pages\/13\/revisions"}],"predecessor-version":[{"id":417,"href":"https:\/\/www.sisoretne.sk\/index.php?rest_route=\/wp\/v2\/pages\/13\/revisions\/417"}],"wp:attachment":[{"href":"https:\/\/www.sisoretne.sk\/index.php?rest_route=%2Fwp%2Fv2%2Fmedia&parent=13"}],"curies":[{"name":"wp","href":"https:\/\/api.w.org\/{rel}","templated":true}]}}