{"id":107,"date":"2013-06-26T11:47:38","date_gmt":"2013-06-26T09:47:38","guid":{"rendered":"http:\/\/www.sisoretne.sk\/?page_id=107"},"modified":"2021-10-07T13:01:18","modified_gmt":"2021-10-07T11:01:18","slug":"kde-nas-najdete","status":"publish","type":"page","link":"https:\/\/www.sisoretne.sk\/?page_id=107","title":{"rendered":"Kde n\u00e1s n\u00e1jdete?"},"content":{"rendered":"<p style=\"text-align: center;\">Nach\u00e1dzame sa na \u00fap\u00e4t\u00ed Mal\u00fdch Karp\u00e1t nad obcou Doln\u00e9 Ore\u0161any pri Trnave.<\/p>\n<p>&nbsp;<\/p>\n<div id='gallery-1' class='gallery galleryid-107 gallery-columns-2 gallery-size-full'><figure class='gallery-item'>\n\t\t\t<div class='gallery-icon landscape'>\n\t\t\t\t<a href='https:\/\/www.sisoretne.sk\/?attachment_id=403'><img width=\"2048\" height=\"1365\" src=\"https:\/\/www.sisoretne.sk\/wp-content\/uploads\/2021\/10\/IMG_8657.jpg\" class=\"attachment-full size-full\" alt=\"\" loading=\"lazy\" srcset=\"https:\/\/www.sisoretne.sk\/wp-content\/uploads\/2021\/10\/IMG_8657.jpg 2048w, https:\/\/www.sisoretne.sk\/wp-content\/uploads\/2021\/10\/IMG_8657-300x200.jpg 300w, https:\/\/www.sisoretne.sk\/wp-content\/uploads\/2021\/10\/IMG_8657-1024x683.jpg 1024w, https:\/\/www.sisoretne.sk\/wp-content\/uploads\/2021\/10\/IMG_8657-768x512.jpg 768w, https:\/\/www.sisoretne.sk\/wp-content\/uploads\/2021\/10\/IMG_8657-1536x1024.jpg 1536w, https:\/\/www.sisoretne.sk\/wp-content\/uploads\/2021\/10\/IMG_8657-90x60.jpg 90w\" sizes=\"(max-width: 2048px) 100vw, 2048px\" \/><\/a>\n\t\t\t<\/div><\/figure><figure class='gallery-item'>\n\t\t\t<div class='gallery-icon landscape'>\n\t\t\t\t<a href='https:\/\/www.sisoretne.sk\/?attachment_id=404'><img width=\"2048\" height=\"1365\" src=\"https:\/\/www.sisoretne.sk\/wp-content\/uploads\/2021\/10\/IMG_8661.jpg\" class=\"attachment-full size-full\" alt=\"\" loading=\"lazy\" srcset=\"https:\/\/www.sisoretne.sk\/wp-content\/uploads\/2021\/10\/IMG_8661.jpg 2048w, https:\/\/www.sisoretne.sk\/wp-content\/uploads\/2021\/10\/IMG_8661-300x200.jpg 300w, https:\/\/www.sisoretne.sk\/wp-content\/uploads\/2021\/10\/IMG_8661-1024x683.jpg 1024w, https:\/\/www.sisoretne.sk\/wp-content\/uploads\/2021\/10\/IMG_8661-768x512.jpg 768w, https:\/\/www.sisoretne.sk\/wp-content\/uploads\/2021\/10\/IMG_8661-1536x1024.jpg 1536w, https:\/\/www.sisoretne.sk\/wp-content\/uploads\/2021\/10\/IMG_8661-90x60.jpg 90w\" sizes=\"(max-width: 2048px) 100vw, 2048px\" \/><\/a>\n\t\t\t<\/div><\/figure>\n\t\t<\/div>\n\n<p>&nbsp;<\/p>\n<p><iframe loading=\"lazy\" style=\"border: 0;\" src=\"https:\/\/www.google.com\/maps\/embed?pb=!1m18!1m12!1m3!1d4854.491288185681!2d17.39140730636336!3d48.438679432799965!2m3!1f0!2f0!3f0!3m2!1i1024!2i768!4f13.1!3m3!1m2!1s0x476ca353368f132f%3A0x414d6fea0d824472!2sHoraren%20Sisoretne!5e0!3m2!1ssk!2ssk!4v1633604220938!5m2!1ssk!2ssk\" width=\"600\" height=\"450\" allowfullscreen=\"allowfullscreen\"><\/iframe><\/p>\n<p>&nbsp;<\/p>\n","protected":false},"excerpt":{"rendered":"<p>Nach\u00e1dzame sa na \u00fap\u00e4t\u00ed Mal\u00fdch Karp\u00e1t nad obcou Doln\u00e9 Ore\u0161any pri Trnave. &nbsp; &nbsp; &nbsp;<\/p>\n","protected":false},"author":1,"featured_media":0,"parent":0,"menu_order":0,"comment_status":"closed","ping_status":"closed","template":"","meta":[],"_links":{"self":[{"href":"https:\/\/www.sisoretne.sk\/index.php?rest_route=\/wp\/v2\/pages\/107"}],"collection":[{"href":"https:\/\/www.sisoretne.sk\/index.php?rest_route=\/wp\/v2\/pages"}],"about":[{"href":"https:\/\/www.sisoretne.sk\/index.php?rest_route=\/wp\/v2\/types\/page"}],"author":[{"embeddable":true,"href":"https:\/\/www.sisoretne.sk\/index.php?rest_route=\/wp\/v2\/users\/1"}],"replies":[{"embeddable":true,"href":"https:\/\/www.sisoretne.sk\/index.php?rest_route=%2Fwp%2Fv2%2Fcomments&post=107"}],"version-history":[{"count":19,"href":"https:\/\/www.sisoretne.sk\/index.php?rest_route=\/wp\/v2\/pages\/107\/revisions"}],"predecessor-version":[{"id":412,"href":"https:\/\/www.sisoretne.sk\/index.php?rest_route=\/wp\/v2\/pages\/107\/revisions\/412"}],"wp:attachment":[{"href":"https:\/\/www.sisoretne.sk\/index.php?rest_route=%2Fwp%2Fv2%2Fmedia&parent=107"}],"curies":[{"name":"wp","href":"https:\/\/api.w.org\/{rel}","templated":true}]}}